{"id":355,"date":"2022-06-02T09:36:28","date_gmt":"2022-06-02T07:36:28","guid":{"rendered":"http:\/\/solutoiles.ch\/?page_id=355"},"modified":"2022-06-02T09:36:31","modified_gmt":"2022-06-02T07:36:31","slug":"toiles-techniques-5","status":"publish","type":"page","link":"https:\/\/solutoiles.ch\/?page_id=355","title":{"rendered":"Toiles Techniques"},"content":{"rendered":"\n  \n    <section class=\"u-clearfix u-valign-middle-xs u-section-1\" id=\"sec-ca4e\">\n      <div class=\"u-align-right u-container-style u-group u-group-1\">\n        <div class=\"u-container-layout u-container-layout-1\">\n          <h2 class=\"u-text u-text-grey-15 u-text-1\">Toiles<br>TECHNIQUES\n          <\/h2>\n        <\/div>\n      <\/div>\n      <div class=\"u-grey-60 u-shape u-shape-rectangle u-shape-1\"><\/div>\n      <div class=\"u-custom-color-1 u-shape u-shape-rectangle u-shape-2\"><\/div>\n      <div class=\"u-border-no-bottom u-border-no-left u-border-no-right u-border-no-top u-container-style u-group u-shape-rectangle u-white u-group-2\">\n        <div class=\"u-container-layout u-container-layout-2\">\n          <div class=\"u-align-center u-border-1 u-border-grey-25 u-container-style u-group u-white u-group-3\">\n            <div class=\"u-container-layout u-container-layout-3\">\n              <h2 class=\"u-text u-text-grey-60 u-text-2\">Gamme Serge Ferrari \"Soltis\"<br>\n              <\/h2>\n              <p class=\"u-text u-text-3\"> Soltis est une gamme de toiles composites pour des applications de protection solaire int\u00e9rieures ou ext\u00e9rieures.<br>\n                <br>Ajour\u00e9es, imperm\u00e9ables ou encore opaques, elles offrent selon les besoins visibilit\u00e9 vers l'ext\u00e9rieur,&nbsp;<br>protection contre la chaleur ou les intemp\u00e9ries, opacit\u00e9 totale et intimit\u00e9... Pour \u00e9quiper vos pergola, vos&nbsp;<br>stores de fa\u00e7ade ou encore vos stores int\u00e9rieurs, dans des tons naturels ou plus color\u00e9s\u2026&nbsp;<br>vous trouverez forc\u00e9ment la toile qui r\u00e9pond \u00e0 vos envies parmi ces 10 produits<br>\n                <br>Soltis Veozip<br>Soltis Horizon 86<br>Soltis Harmony 88<br>Soltis Perform 92<br>Soltis Opaque B92<br>Soltis Lounge 96<br>Soltis Master 99<br>Soltis Imperm\u00e9able W88<br>Soltis Imperm\u00e9able W96<br>Soltis Opaque B99\n              <\/p>\n            <\/div>\n          <\/div>\n        <\/div>\n      <\/div>\n      <img decoding=\"async\" class=\"u-image u-image-default u-image-1\" src=\"https:\/\/solutoiles.ch\/wp-content\/uploads\/2022\/06\/20201123_131545-4.jpg\" alt=\"\" data-image-width=\"1600\" data-image-height=\"778\">\n    <\/section>\n    <section class=\"u-clearfix u-valign-middle-md u-valign-middle-sm u-section-2\" id=\"carousel_f8e9\">\n      <div class=\"u-grey-60 u-shape u-shape-rectangle u-shape-1\"><\/div>\n      <div class=\"u-custom-color-1 u-shape u-shape-rectangle u-shape-2\"><\/div>\n      <div class=\"u-border-no-bottom u-border-no-left u-border-no-right u-border-no-top u-container-style u-group u-shape-rectangle u-white u-group-1\">\n        <div class=\"u-container-layout u-container-layout-1\">\n          <div class=\"u-align-center u-border-1 u-border-grey-25 u-container-style u-group u-white u-group-2\">\n            <div class=\"u-container-layout u-container-layout-2\">\n              <h2 class=\"u-text u-text-grey-60 u-text-1\">Gamme Dickson \"Sunworker\"<br>\n              <\/h2>\n              <p class=\"u-text u-text-2\">Des toiles micro-perfor\u00e9es aux applications multiples !<br>\n                <br>Sunworker SWK6 :&nbsp;<br>r\u00e9gule la lumi\u00e8re et la chaleur et optimise les d\u00e9pense d'\u00e9nergie gr\u00e2ce \u00e0 son 6% d'ouverture<br>(20 coloris disponibles).<br>\n                <br>Sunworker Opaque<br>associe une face textile \u00e0 une face occultante et permet de bloquer 100% des UV et 100%<br>du rayonnement solaire (7 coloris disponibles).<br>\n                <br>Sunworker Open - SWK15<br>avec un taux d'ouverture de 15%, c'est le compromis id\u00e9al entre visibilit\u00e9 et luminosit\u00e9<br>optimale. Il allie transparence, r\u00e9sistance et finesse au confort visuel et thermique. (9 coloris disponible).\n              <\/p>\n            <\/div>\n          <\/div>\n        <\/div>\n      <\/div>\n      <img decoding=\"async\" class=\"u-image u-image-default u-image-1\" src=\"https:\/\/solutoiles.ch\/wp-content\/uploads\/2022\/06\/Dickson-SWK6-4.jpg\" alt=\"\" data-image-width=\"1920\" data-image-height=\"1080\">\n    <\/section>\n    <section class=\"u-clearfix u-section-3\" id=\"carousel_db9b\">\n      <div class=\"u-grey-60 u-shape u-shape-rectangle u-shape-1\"><\/div>\n      <div class=\"u-custom-color-1 u-shape u-shape-rectangle u-shape-2\"><\/div>\n      <div class=\"u-border-no-bottom u-border-no-left u-border-no-right u-border-no-top u-container-style u-group u-shape-rectangle u-white u-group-1\">\n        <div class=\"u-container-layout u-valign-bottom-lg u-valign-bottom-xl u-container-layout-1\">\n          <div class=\"u-align-center u-border-1 u-border-grey-25 u-container-style u-expanded-width-xs u-group u-white u-group-2\">\n            <div class=\"u-container-layout u-container-layout-2\">\n              <h2 class=\"u-text u-text-grey-60 u-text-1\">Gamme Mermet \"Screen Classic\"<br>\n              <\/h2>\n              <p class=\"u-text u-text-2\">Satin\u00e9 5500 :<br> La gamme la plus large du march\u00e9 avec 52 coloris double face et 4 largeurs<br>Excellente protection contre la chaleur : jusqu\u2019\u00e0 96 % de l'\u00e9nergie solaire rejet\u00e9e<br>Tr\u00e8s bonne ma\u00eetrise de l'\u00e9blouissement gr\u00e2ce \u00e0 son tissage satin\u00e9 en diagonale : jusqu'\u00e0 96 % des&nbsp;<br>rayons lumineux filtr\u00e9s<br>Transparence : nette vision vers l'ext\u00e9rieur<br>\u00c9conomique : 4 largeurs pour optimiser la confection des toiles<br>Parfaite ad\u00e9quation aux m\u00e9canismes avec coulisses lat\u00e9rales de type ZIP<br>\n                <br>Natt\u00e9 4503 :<br>Tissu natt\u00e9 serr\u00e9 pour une parfaite ma\u00eetrise de l'\u00e9blouissement et de la chaleur<br>Jusqu'\u00e0 97 % des rayons lumineux filtr\u00e9s<br>Excellente protection contre la chaleur : jusqu'\u00e0 96 % du rayonnement solaire rejet\u00e9<br>Excellente tenue en tension<br>Bonne vision vers l'ext\u00e9rieur<br>\n              <\/p>\n            <\/div>\n          <\/div>\n        <\/div>\n      <\/div>\n      <img decoding=\"async\" class=\"u-image u-image-default u-image-1\" src=\"https:\/\/solutoiles.ch\/wp-content\/uploads\/2022\/06\/newsletter-mermet-4.jpg\" alt=\"\" data-image-width=\"3000\" data-image-height=\"2000\">\n    <\/section>\n    \n    \n    \n    \n  \n","protected":false},"excerpt":{"rendered":"<p>ToilesTECHNIQUES Gamme Serge Ferrari \u00ab\u00a0Soltis\u00a0\u00bb Soltis est une gamme de toiles composites pour des applications de protection solaire int\u00e9rieures ou ext\u00e9rieures. Ajour\u00e9es, imperm\u00e9ables ou encore opaques, elles offrent selon les besoins visibilit\u00e9 vers l&rsquo;ext\u00e9rieur,&nbsp;protection contre la chaleur ou les intemp\u00e9ries, opacit\u00e9 totale et intimit\u00e9&#8230; Pour \u00e9quiper vos pergola, vos&nbsp;stores de fa\u00e7ade ou encore vos stores &hellip; <a href=\"https:\/\/solutoiles.ch\/?page_id=355\" class=\"more-link\">Continue reading<span class=\"screen-reader-text\"> \u00ab\u00a0Toiles Techniques\u00a0\u00bb<\/span><\/a><\/p>\n","protected":false},"author":1,"featured_media":0,"parent":0,"menu_order":3,"comment_status":"closed","ping_status":"closed","template":"","meta":{"footnotes":""},"class_list":["post-355","page","type-page","status-publish","hentry"],"_links":{"self":[{"href":"https:\/\/solutoiles.ch\/index.php?rest_route=\/wp\/v2\/pages\/355","targetHints":{"allow":["GET"]}}],"collection":[{"href":"https:\/\/solutoiles.ch\/index.php?rest_route=\/wp\/v2\/pages"}],"about":[{"href":"https:\/\/solutoiles.ch\/index.php?rest_route=\/wp\/v2\/types\/page"}],"author":[{"embeddable":true,"href":"https:\/\/solutoiles.ch\/index.php?rest_route=\/wp\/v2\/users\/1"}],"replies":[{"embeddable":true,"href":"https:\/\/solutoiles.ch\/index.php?rest_route=%2Fwp%2Fv2%2Fcomments&post=355"}],"version-history":[{"count":1,"href":"https:\/\/solutoiles.ch\/index.php?rest_route=\/wp\/v2\/pages\/355\/revisions"}],"predecessor-version":[{"id":366,"href":"https:\/\/solutoiles.ch\/index.php?rest_route=\/wp\/v2\/pages\/355\/revisions\/366"}],"wp:attachment":[{"href":"https:\/\/solutoiles.ch\/index.php?rest_route=%2Fwp%2Fv2%2Fmedia&parent=355"}],"curies":[{"name":"wp","href":"https:\/\/api.w.org\/{rel}","templated":true}]}}