{"id":357,"date":"2022-06-02T09:36:30","date_gmt":"2022-06-02T07:36:30","guid":{"rendered":"http:\/\/solutoiles.ch\/?page_id=357"},"modified":"2022-06-02T09:36:31","modified_gmt":"2022-06-02T07:36:31","slug":"contact-5","status":"publish","type":"page","link":"https:\/\/solutoiles.ch\/?page_id=357","title":{"rendered":"Contact"},"content":{"rendered":"\n  \n    <section class=\"u-clearfix u-grey-60 u-section-1\" id=\"carousel_5ae9\">\n      <div class=\"u-clearfix u-sheet u-valign-middle-sm u-valign-middle-xl u-sheet-1\">\n        <div class=\"u-align-center u-container-style u-custom-color-1 u-expanded-width-lg u-expanded-width-md u-expanded-width-sm u-expanded-width-xs u-group u-group-1\">\n          <div class=\"u-container-layout u-valign-middle-xl u-valign-middle-xs u-container-layout-1\">\n            <h1 class=\"u-text u-text-1\">Contactez&nbsp;<br>Nous&nbsp;!\n            <\/h1>\n            <div class=\"u-align-left u-expanded-width-lg u-expanded-width-md u-expanded-width-sm u-expanded-width-xs u-form u-form-1\">\n              <form action=\"https:\/\/solutoiles.ch\/wp-content\/plugins\/nicepage\/templates\/form.php?id=357&formId=carousel_5ae9\" method=\"POST\" class=\"u-clearfix u-form-spacing-28 u-form-vertical u-inner-form\" style=\"padding: 10px\" source=\"customphp\" name=\"form\">\n                <div class=\"u-form-group u-form-name u-form-group-1\">\n                  <label for=\"name-5a14\" class=\"u-form-control-hidden u-label\" wfd-invisible=\"true\">Name<\/label>\n                  <input type=\"text\" placeholder=\"Entrer votre Nom\" id=\"name-5a14\" name=\"name\" class=\"u-input u-input-rectangle u-white\" required=\"\">\n                <\/div>\n                <div class=\"u-form-email u-form-group u-form-group-2\">\n                  <label for=\"email-5a14\" class=\"u-form-control-hidden u-label\" wfd-invisible=\"true\">Email<\/label>\n                  <input type=\"email\" placeholder=\"Entrer une adresse email valide\" id=\"email-5a14\" name=\"email\" class=\"u-input u-input-rectangle u-white\" required=\"\">\n                <\/div>\n                <div class=\"u-form-group u-form-message u-form-group-3\">\n                  <label for=\"message-5a14\" class=\"u-form-control-hidden u-label\" wfd-invisible=\"true\">Message<\/label>\n                  <textarea placeholder=\"Votre Message\" rows=\"4\" cols=\"50\" id=\"message-5a14\" name=\"message\" class=\"u-input u-input-rectangle u-white\" required=\"\"><\/textarea>\n                <\/div>\n                <div class=\"u-align-center u-form-group u-form-submit u-form-group-4\">\n                  <a href=\"#\" class=\"u-active-white u-border-2 u-border-white u-btn u-btn-submit u-button-style u-hover-white u-none u-text-hover-palette-2-base u-text-palette-2-base u-btn-1\">Envoyer<\/a>\n                  <input type=\"submit\" value=\"submit\" class=\"u-form-control-hidden\" wfd-invisible=\"true\">\n                <\/div>\n                <div class=\"u-form-send-message u-form-send-success\" wfd-invisible=\"true\">Merci !\nVotr message a bien \u00e9t\u00e9 envoy\u00e9.<\/div>\n                <div class=\"u-form-send-error u-form-send-message\" wfd-invisible=\"true\">Envoi impossible, merci de r\u00e9essayer plus tard.<\/div>\n                <input type=\"hidden\" value=\"\" name=\"recaptchaResponse\" wfd-invisible=\"true\">\n              <\/form>\n            <\/div>\n          <\/div>\n        <\/div>\n        <div class=\"u-expanded-width-md u-expanded-width-sm u-list u-list-1\">\n          <div class=\"u-repeater u-repeater-1\">\n            <div class=\"u-align-center u-container-style u-list-item u-repeater-item u-white u-list-item-1\">\n              <div class=\"u-container-layout u-similar-container u-valign-top u-container-layout-2\"><span class=\"u-custom-color-1 u-icon u-icon-circle u-icon-1\"><svg class=\"u-svg-link\" preserveAspectRatio=\"xMidYMin slice\" viewBox=\"0 0 52 52\" style=\"\"><use xmlns:xlink=\"http:\/\/www.w3.org\/1999\/xlink\" xlink:href=\"#svg-077e\"><\/use><\/svg><svg class=\"u-svg-content\" viewBox=\"0 0 52 52\" x=\"0px\" y=\"0px\" id=\"svg-077e\" style=\"enable-background:new 0 0 52 52;\"><path style=\"fill:currentColor;\" d=\"M38.853,5.324L38.853,5.324c-7.098-7.098-18.607-7.098-25.706,0h0\n\tC6.751,11.72,6.031,23.763,11.459,31L26,52l14.541-21C45.969,23.763,45.249,11.72,38.853,5.324z M26.177,24c-3.314,0-6-2.686-6-6\n\ts2.686-6,6-6s6,2.686,6,6S29.491,24,26.177,24z\"><\/path><\/svg><\/span>\n                <h5 class=\"u-text u-text-2\">ADresse<\/h5>\n                <p class=\"u-text u-text-3\">SoluToiles<br>Ch. du Champ-des-Filles 19&nbsp;<br>1228 Plan-Les-Ouates\n                <\/p>\n              <\/div>\n            <\/div>\n            <div class=\"u-align-center u-container-style u-list-item u-repeater-item u-white u-list-item-2\">\n              <div class=\"u-container-layout u-similar-container u-valign-top u-container-layout-3\"><span class=\"u-custom-color-1 u-icon u-icon-circle u-icon-2\"><svg class=\"u-svg-link\" preserveAspectRatio=\"xMidYMin slice\" viewBox=\"0 0 513.64 513.64\" style=\"\"><use xmlns:xlink=\"http:\/\/www.w3.org\/1999\/xlink\" xlink:href=\"#svg-9786\"><\/use><\/svg><svg class=\"u-svg-content\" viewBox=\"0 0 513.64 513.64\" x=\"0px\" y=\"0px\" id=\"svg-9786\" style=\"enable-background:new 0 0 513.64 513.64;\"><g><g><path d=\"M499.66,376.96l-71.68-71.68c-25.6-25.6-69.12-15.359-79.36,17.92c-7.68,23.041-33.28,35.841-56.32,30.72    c-51.2-12.8-120.32-79.36-133.12-133.12c-7.68-23.041,7.68-48.641,30.72-56.32c33.28-10.24,43.52-53.76,17.92-79.36l-71.68-71.68    c-20.48-17.92-51.2-17.92-69.12,0l-48.64,48.64c-48.64,51.2,5.12,186.88,125.44,307.2c120.32,120.32,256,176.641,307.2,125.44    l48.64-48.64C517.581,425.6,517.581,394.88,499.66,376.96z\"><\/path>\n<\/g>\n<\/g><\/svg><\/span>\n                <h5 class=\"u-text u-text-4\">T\u00c9L\u00c9PHONE<\/h5>\n                <p class=\"u-text u-text-5\">\n                  <a class=\"u-active-none u-border-none u-btn u-button-link u-button-style u-hover-none u-none u-text-palette-1-base u-btn-2\" href=\"tel:+41227964765\">022 556 62 50<\/a>\n                <\/p>\n              <\/div>\n            <\/div>\n            <div class=\"u-align-center u-container-style u-list-item u-repeater-item u-white u-list-item-3\">\n              <div class=\"u-container-layout u-similar-container u-valign-top u-container-layout-4\"><span class=\"u-custom-color-1 u-file-icon u-icon u-icon-circle u-text-white u-icon-3\"><img decoding=\"async\" src=\"https:\/\/solutoiles.ch\/wp-content\/uploads\/2022\/06\/35-4.png\" alt=\"\"><\/span>\n                <h5 class=\"u-text u-text-6\">devis<\/h5>\n                <p class=\"u-text u-text-7\">\n                  <a class=\"u-active-none u-border-none u-btn u-button-link u-button-style u-hover-none u-none u-text-palette-1-base u-btn-3\" href=\"mailto:info@solutoiles.ch\">info@solutoiles.ch<\/a>\n                <\/p>\n              <\/div>\n            <\/div>\n            <div class=\"u-align-center u-container-style u-list-item u-repeater-item u-white u-list-item-4\">\n              <div class=\"u-container-layout u-similar-container u-valign-top u-container-layout-5\"><span class=\"u-custom-color-1 u-icon u-icon-circle u-icon-4\"><svg class=\"u-svg-link\" preserveAspectRatio=\"xMidYMin slice\" viewBox=\"0 0 512 512\" style=\"\"><use xmlns:xlink=\"http:\/\/www.w3.org\/1999\/xlink\" xlink:href=\"#svg-9f82\"><\/use><\/svg><svg class=\"u-svg-content\" viewBox=\"0 0 512 512\" x=\"0px\" y=\"0px\" id=\"svg-9f82\" style=\"enable-background:new 0 0 512 512;\"><g><g><path d=\"M507.49,101.721L352.211,256L507.49,410.279c2.807-5.867,4.51-12.353,4.51-19.279V121    C512,114.073,510.297,107.588,507.49,101.721z\"><\/path>\n<\/g>\n<\/g><g><g><path d=\"M467,76H45c-6.927,0-13.412,1.703-19.279,4.51l198.463,197.463c17.548,17.548,46.084,17.548,63.632,0L486.279,80.51    C480.412,77.703,473.927,76,467,76z\"><\/path>\n<\/g>\n<\/g><g><g><path d=\"M4.51,101.721C1.703,107.588,0,114.073,0,121v270c0,6.927,1.703,13.413,4.51,19.279L159.789,256L4.51,101.721z\"><\/path>\n<\/g>\n<\/g><g><g><path d=\"M331,277.211l-21.973,21.973c-29.239,29.239-76.816,29.239-106.055,0L181,277.211L25.721,431.49    C31.588,434.297,38.073,436,45,436h422c6.927,0,13.412-1.703,19.279-4.51L331,277.211z\"><\/path>\n<\/g>\n<\/g><\/svg><\/span>\n                <h5 class=\"u-text u-text-8\">Commandes<\/h5>\n                <p class=\"u-text u-text-9\">\n                  <a href=\"mailto:commande@solutoiles.ch\" class=\"u-active-none u-border-1 u-border-palette-2-base u-btn u-button-link u-button-style u-hover-none u-none u-text-palette-2-base u-btn-4\">commande@solutoiles.ch<\/a>\n                <\/p>\n              <\/div>\n            <\/div>\n          <\/div>\n        <\/div>\n      <\/div>\n    <\/section>\n    \n    \n    \n    \n  \n","protected":false},"excerpt":{"rendered":"<p>Contactez&nbsp;Nous&nbsp;! Name Email Message Envoyer Merci ! Votr message a bien \u00e9t\u00e9 envoy\u00e9. Envoi impossible, merci de r\u00e9essayer plus tard. ADresse SoluToilesCh. du Champ-des-Filles 19&nbsp;1228 Plan-Les-Ouates T\u00c9L\u00c9PHONE 022 556 62 50 devis info@solutoiles.ch Commandes commande@solutoiles.ch<\/p>\n","protected":false},"author":1,"featured_media":0,"parent":0,"menu_order":5,"comment_status":"closed","ping_status":"closed","template":"","meta":{"footnotes":""},"class_list":["post-357","page","type-page","status-publish","hentry"],"_links":{"self":[{"href":"https:\/\/solutoiles.ch\/index.php?rest_route=\/wp\/v2\/pages\/357","targetHints":{"allow":["GET"]}}],"collection":[{"href":"https:\/\/solutoiles.ch\/index.php?rest_route=\/wp\/v2\/pages"}],"about":[{"href":"https:\/\/solutoiles.ch\/index.php?rest_route=\/wp\/v2\/types\/page"}],"author":[{"embeddable":true,"href":"https:\/\/solutoiles.ch\/index.php?rest_route=\/wp\/v2\/users\/1"}],"replies":[{"embeddable":true,"href":"https:\/\/solutoiles.ch\/index.php?rest_route=%2Fwp%2Fv2%2Fcomments&post=357"}],"version-history":[{"count":1,"href":"https:\/\/solutoiles.ch\/index.php?rest_route=\/wp\/v2\/pages\/357\/revisions"}],"predecessor-version":[{"id":368,"href":"https:\/\/solutoiles.ch\/index.php?rest_route=\/wp\/v2\/pages\/357\/revisions\/368"}],"wp:attachment":[{"href":"https:\/\/solutoiles.ch\/index.php?rest_route=%2Fwp%2Fv2%2Fmedia&parent=357"}],"curies":[{"name":"wp","href":"https:\/\/api.w.org\/{rel}","templated":true}]}}